{"id":3977,"date":"2022-07-22T15:23:52","date_gmt":"2022-07-22T13:23:52","guid":{"rendered":"https:\/\/rfsolutions.fr\/?page_id=3977"},"modified":"2022-07-22T15:51:25","modified_gmt":"2022-07-22T13:51:25","slug":"mentions-legales","status":"publish","type":"page","link":"https:\/\/rfsolutions.fr\/index.php\/mentions-legales\/","title":{"rendered":"Mentions L\u00e9gales"},"content":{"rendered":"\t\t<div data-elementor-type=\"wp-page\" data-elementor-id=\"3977\" class=\"elementor elementor-3977\">\n\t\t\t\t\t\t<section class=\"elementor-section elementor-top-section elementor-element elementor-element-a7810e5 elementor-section-boxed elementor-section-height-default elementor-section-height-default\" data-id=\"a7810e5\" data-element_type=\"section\">\n\t\t\t\t\t\t<div class=\"elementor-container elementor-column-gap-default\">\n\t\t\t\t\t<div class=\"elementor-column elementor-col-100 elementor-top-column elementor-element elementor-element-6d1d163\" data-id=\"6d1d163\" data-element_type=\"column\">\n\t\t\t<div class=\"elementor-widget-wrap elementor-element-populated\">\n\t\t\t\t\t\t<div class=\"elementor-element elementor-element-77284b7 elementor-widget elementor-widget-heading\" data-id=\"77284b7\" data-element_type=\"widget\" data-widget_type=\"heading.default\">\n\t\t\t\t<div class=\"elementor-widget-container\">\n\t\t\t<style>\/*! elementor - v3.21.0 - 15-04-2024 *\/\n.elementor-heading-title{padding:0;margin:0;line-height:1}.elementor-widget-heading .elementor-heading-title[class*=elementor-size-]>a{color:inherit;font-size:inherit;line-height:inherit}.elementor-widget-heading .elementor-heading-title.elementor-size-small{font-size:15px}.elementor-widget-heading .elementor-heading-title.elementor-size-medium{font-size:19px}.elementor-widget-heading .elementor-heading-title.elementor-size-large{font-size:29px}.elementor-widget-heading .elementor-heading-title.elementor-size-xl{font-size:39px}.elementor-widget-heading .elementor-heading-title.elementor-size-xxl{font-size:59px}<\/style><h2 class=\"elementor-heading-title elementor-size-default\">Mentions l\u00e9gales<\/h2>\t\t<\/div>\n\t\t\t\t<\/div>\n\t\t\t\t<div class=\"elementor-element elementor-element-45d65f5 elementor-widget elementor-widget-spacer\" data-id=\"45d65f5\" data-element_type=\"widget\" data-widget_type=\"spacer.default\">\n\t\t\t\t<div class=\"elementor-widget-container\">\n\t\t\t<style>\/*! elementor - v3.21.0 - 15-04-2024 *\/\n.elementor-column .elementor-spacer-inner{height:var(--spacer-size)}.e-con{--container-widget-width:100%}.e-con-inner>.elementor-widget-spacer,.e-con>.elementor-widget-spacer{width:var(--container-widget-width,var(--spacer-size));--align-self:var(--container-widget-align-self,initial);--flex-shrink:0}.e-con-inner>.elementor-widget-spacer>.elementor-widget-container,.e-con>.elementor-widget-spacer>.elementor-widget-container{height:100%;width:100%}.e-con-inner>.elementor-widget-spacer>.elementor-widget-container>.elementor-spacer,.e-con>.elementor-widget-spacer>.elementor-widget-container>.elementor-spacer{height:100%}.e-con-inner>.elementor-widget-spacer>.elementor-widget-container>.elementor-spacer>.elementor-spacer-inner,.e-con>.elementor-widget-spacer>.elementor-widget-container>.elementor-spacer>.elementor-spacer-inner{height:var(--container-widget-height,var(--spacer-size))}.e-con-inner>.elementor-widget-spacer.elementor-widget-empty,.e-con>.elementor-widget-spacer.elementor-widget-empty{position:relative;min-height:22px;min-width:22px}.e-con-inner>.elementor-widget-spacer.elementor-widget-empty .elementor-widget-empty-icon,.e-con>.elementor-widget-spacer.elementor-widget-empty .elementor-widget-empty-icon{position:absolute;top:0;bottom:0;left:0;right:0;margin:auto;padding:0;width:22px;height:22px}<\/style>\t\t<div class=\"elementor-spacer\">\n\t\t\t<div class=\"elementor-spacer-inner\"><\/div>\n\t\t<\/div>\n\t\t\t\t<\/div>\n\t\t\t\t<\/div>\n\t\t\t\t\t<\/div>\n\t\t<\/div>\n\t\t\t\t\t<\/div>\n\t\t<\/section>\n\t\t\t\t<section class=\"elementor-section elementor-top-section elementor-element elementor-element-bacf8a5 elementor-section-boxed elementor-section-height-default elementor-section-height-default\" data-id=\"bacf8a5\" data-element_type=\"section\">\n\t\t\t\t\t\t<div class=\"elementor-container elementor-column-gap-default\">\n\t\t\t\t\t<div class=\"elementor-column elementor-col-50 elementor-top-column elementor-element elementor-element-b8e0391\" data-id=\"b8e0391\" data-element_type=\"column\">\n\t\t\t<div class=\"elementor-widget-wrap elementor-element-populated\">\n\t\t\t\t\t\t<div class=\"elementor-element elementor-element-1efe613 elementor-widget elementor-widget-text-editor\" data-id=\"1efe613\" data-element_type=\"widget\" data-widget_type=\"text-editor.default\">\n\t\t\t\t<div class=\"elementor-widget-container\">\n\t\t\t<style>\/*! elementor - v3.21.0 - 15-04-2024 *\/\n.elementor-widget-text-editor.elementor-drop-cap-view-stacked .elementor-drop-cap{background-color:#69727d;color:#fff}.elementor-widget-text-editor.elementor-drop-cap-view-framed .elementor-drop-cap{color:#69727d;border:3px solid;background-color:transparent}.elementor-widget-text-editor:not(.elementor-drop-cap-view-default) .elementor-drop-cap{margin-top:8px}.elementor-widget-text-editor:not(.elementor-drop-cap-view-default) .elementor-drop-cap-letter{width:1em;height:1em}.elementor-widget-text-editor .elementor-drop-cap{float:left;text-align:center;line-height:1;font-size:50px}.elementor-widget-text-editor .elementor-drop-cap-letter{display:inline-block}<\/style>\t\t\t\t<h3><span style=\"color: #993300;\">Propri\u00e9taire du site Internet<\/span><\/h3><h4>R&amp;F Solutions<\/h4><p>Num\u00e9ro de Siret: 791 928 781 00065<\/p><p>Parc international d&rsquo;entreprises Paris Val d&rsquo;Europe<br \/>15 Avenue Christian Doppler Espace 7<br \/>77700 Bailly Romainvilliers<\/p>\t\t\t\t\t\t<\/div>\n\t\t\t\t<\/div>\n\t\t\t\t\t<\/div>\n\t\t<\/div>\n\t\t\t\t<div class=\"elementor-column elementor-col-50 elementor-top-column elementor-element elementor-element-ec59edd\" data-id=\"ec59edd\" data-element_type=\"column\">\n\t\t\t<div class=\"elementor-widget-wrap elementor-element-populated\">\n\t\t\t\t\t\t<div class=\"elementor-element elementor-element-56d57b2 elementor-widget elementor-widget-text-editor\" data-id=\"56d57b2\" data-element_type=\"widget\" data-widget_type=\"text-editor.default\">\n\t\t\t\t<div class=\"elementor-widget-container\">\n\t\t\t\t\t\t\t<h3><span style=\"color: #993300;\">R\u00e9alisation du site Internet<\/span><\/h3><h4>NAIA Works<\/h4><p>Num\u00e9ro de Siret: 800 978 454 00026<\/p><p>10 Rue de Penthi\u00e8vre<br \/>Paris 8<br \/>75008 Paris<\/p>\t\t\t\t\t\t<\/div>\n\t\t\t\t<\/div>\n\t\t\t\t\t<\/div>\n\t\t<\/div>\n\t\t\t\t\t<\/div>\n\t\t<\/section>\n\t\t\t\t<section class=\"elementor-section elementor-top-section elementor-element elementor-element-d4c7e0c elementor-section-boxed elementor-section-height-default elementor-section-height-default\" data-id=\"d4c7e0c\" data-element_type=\"section\">\n\t\t\t\t\t\t<div class=\"elementor-container elementor-column-gap-default\">\n\t\t\t\t\t<div class=\"elementor-column elementor-col-100 elementor-top-column elementor-element elementor-element-d92b871\" data-id=\"d92b871\" data-element_type=\"column\">\n\t\t\t<div class=\"elementor-widget-wrap elementor-element-populated\">\n\t\t\t\t\t\t<div class=\"elementor-element elementor-element-9e553bb elementor-widget elementor-widget-spacer\" data-id=\"9e553bb\" data-element_type=\"widget\" data-widget_type=\"spacer.default\">\n\t\t\t\t<div class=\"elementor-widget-container\">\n\t\t\t\t\t<div class=\"elementor-spacer\">\n\t\t\t<div class=\"elementor-spacer-inner\"><\/div>\n\t\t<\/div>\n\t\t\t\t<\/div>\n\t\t\t\t<\/div>\n\t\t\t\t<div class=\"elementor-element elementor-element-9a3d612 elementor-widget elementor-widget-text-editor\" data-id=\"9a3d612\" data-element_type=\"widget\" data-widget_type=\"text-editor.default\">\n\t\t\t\t<div class=\"elementor-widget-container\">\n\t\t\t\t\t\t\t<h3><span style=\"color: #993300;\">H\u00e9bergement du site Internet<\/span><\/h3><p>www.rf-solutions.fr<\/p><p>L&rsquo;h\u00e9bergement est effectu\u00e9 sur un serveur d\u00e9di\u00e9 chez HOSTINGER &#8211; HOLLANDE (Europe). La maintenance est effectu\u00e9e par la soci\u00e9t\u00e9 NAIA Works.<\/p><h3><span style=\"color: #993300;\">Propri\u00e9t\u00e9 Intellectuelle<\/span><\/h3><p>La structure g\u00e9n\u00e9rale ainsi que les logiciels, textes, images anim\u00e9es ou non, son savoir-faire et tous les autres \u00e9l\u00e9ments composant le site sont la propri\u00e9t\u00e9 exclusive de rf-solutions.fr<\/p><p>Toute repr\u00e9sentation totale ou partielle de ce site par quelle personne que ce soit, sans l&rsquo;autorisation expresse de R&amp;F Solutions est interdite et constituerait une contrefa\u00e7on sanctionn\u00e9e par les articles L. 335-2 et suivants du Code de la Propri\u00e9t\u00e9 Intellectuelle.<\/p><p>Les marques de R&amp;F Solutions et de ses partenaires, ainsi que les logos, les photos et sch\u00e9mas figurants sur le site sont des marques d\u00e9pos\u00e9es.<\/p><p>Toute reproduction totale ou partielle de ces marques ou de ces logos effectu\u00e9s \u00e0 partir des \u00e9l\u00e9ments du site sans l&rsquo;autorisation expresse de R&amp;F Solutions est donc prohib\u00e9e au sens du Code de la Propri\u00e9t\u00e9 Intellectuelle.<\/p><p>Le site internet www.rf-solutions.fr peut n\u00e9cessiter l&rsquo;usage de cookies. Ils ne sont utilis\u00e9s que pour le bon fonctionnement du site et notamment du compte client et du panier d&rsquo;achat virtuel.<\/p>\t\t\t\t\t\t<\/div>\n\t\t\t\t<\/div>\n\t\t\t\t\t<\/div>\n\t\t<\/div>\n\t\t\t\t\t<\/div>\n\t\t<\/section>\n\t\t\t\t<\/div>\n\t\t","protected":false},"excerpt":{"rendered":"<p>Mentions l\u00e9gales Propri\u00e9taire du site Internet R&amp;F Solutions Num\u00e9ro de Siret: 791 928 781 00065 Parc international d&rsquo;entreprises Paris Val d&rsquo;Europe15 Avenue Christian Doppler Espace 777700 Bailly Romainvilliers R\u00e9alisation du site Internet NAIA Works Num\u00e9ro de Siret: 800 978 454 00026 10 Rue de Penthi\u00e8vreParis 875008 Paris H\u00e9bergement du site Internet www.rf-solutions.fr L&rsquo;h\u00e9bergement est effectu\u00e9 [&hellip;]<\/p>\n","protected":false},"author":1,"featured_media":0,"parent":0,"menu_order":0,"comment_status":"closed","ping_status":"closed","template":"","meta":{"footnotes":""},"blocksy_meta":{"styles_descriptor":{"styles":{"desktop":"","tablet":"","mobile":""},"google_fonts":[],"version":6}},"acf":[],"_links":{"self":[{"href":"https:\/\/rfsolutions.fr\/index.php\/wp-json\/wp\/v2\/pages\/3977"}],"collection":[{"href":"https:\/\/rfsolutions.fr\/index.php\/wp-json\/wp\/v2\/pages"}],"about":[{"href":"https:\/\/rfsolutions.fr\/index.php\/wp-json\/wp\/v2\/types\/page"}],"author":[{"embeddable":true,"href":"https:\/\/rfsolutions.fr\/index.php\/wp-json\/wp\/v2\/users\/1"}],"replies":[{"embeddable":true,"href":"https:\/\/rfsolutions.fr\/index.php\/wp-json\/wp\/v2\/comments?post=3977"}],"version-history":[{"count":37,"href":"https:\/\/rfsolutions.fr\/index.php\/wp-json\/wp\/v2\/pages\/3977\/revisions"}],"predecessor-version":[{"id":4017,"href":"https:\/\/rfsolutions.fr\/index.php\/wp-json\/wp\/v2\/pages\/3977\/revisions\/4017"}],"wp:attachment":[{"href":"https:\/\/rfsolutions.fr\/index.php\/wp-json\/wp\/v2\/media?parent=3977"}],"curies":[{"name":"wp","href":"https:\/\/api.w.org\/{rel}","templated":true}]}}