{"id":1494,"date":"2021-12-21T08:50:45","date_gmt":"2021-12-21T08:50:45","guid":{"rendered":"https:\/\/demo.creativethemes.com\/elementor\/homi\/?page_id=3"},"modified":"2022-07-22T15:12:48","modified_gmt":"2022-07-22T13:12:48","slug":"conditions-generales-vente","status":"publish","type":"page","link":"https:\/\/rfsolutions.fr\/index.php\/conditions-generales-vente\/","title":{"rendered":"Conditions G\u00e9n\u00e9rales de Vente"},"content":{"rendered":"\t\t<div data-elementor-type=\"wp-page\" data-elementor-id=\"1494\" class=\"elementor elementor-1494\">\n\t\t\t\t\t\t<section class=\"elementor-section elementor-top-section elementor-element elementor-element-788267e8 elementor-section-boxed elementor-section-height-default elementor-section-height-default\" data-id=\"788267e8\" data-element_type=\"section\">\n\t\t\t\t\t\t<div class=\"elementor-container elementor-column-gap-default\">\n\t\t\t\t\t<div class=\"elementor-column elementor-col-100 elementor-top-column elementor-element elementor-element-31db9ac8\" data-id=\"31db9ac8\" data-element_type=\"column\">\n\t\t\t<div class=\"elementor-widget-wrap elementor-element-populated\">\n\t\t\t\t\t\t<div class=\"elementor-element elementor-element-388991d2 elementor-widget elementor-widget-text-editor\" data-id=\"388991d2\" data-element_type=\"widget\" data-widget_type=\"text-editor.default\">\n\t\t\t\t<div class=\"elementor-widget-container\">\n\t\t\t<style>\/*! elementor - v3.21.0 - 15-04-2024 *\/\n.elementor-widget-text-editor.elementor-drop-cap-view-stacked .elementor-drop-cap{background-color:#69727d;color:#fff}.elementor-widget-text-editor.elementor-drop-cap-view-framed .elementor-drop-cap{color:#69727d;border:3px solid;background-color:transparent}.elementor-widget-text-editor:not(.elementor-drop-cap-view-default) .elementor-drop-cap{margin-top:8px}.elementor-widget-text-editor:not(.elementor-drop-cap-view-default) .elementor-drop-cap-letter{width:1em;height:1em}.elementor-widget-text-editor .elementor-drop-cap{float:left;text-align:center;line-height:1;font-size:50px}.elementor-widget-text-editor .elementor-drop-cap-letter{display:inline-block}<\/style>\t\t\t\t<!-- wp:heading -->\n<h2>Conditions g\u00e9n\u00e9rales de vente<\/h2>\n<!-- \/wp:heading -->\n\n<!-- wp:paragraph -->\n<p>Les pr\u00e9sentes conditions de vente sont conclues d&rsquo;une part par la soci\u00e9t\u00e9 R&amp;F Solutions, au capital de 10 000\u20ac dont le si\u00e8ge social est \u00e0 Bailly-Romainvilliers au 15 Avenue Christian Doppler, Espace 7, immatricul\u00e9e au registre du commerce et des soci\u00e9t\u00e9s de Meaux sous le num\u00e9ro 791928781 ci-apr\u00e8s d\u00e9nomm\u00e9e R&amp;F Solutions ou \u00ab\u00a0le vendeur\u00a0\u00bb et d&rsquo;autre part, par toute personne physique ou morale souhaitant proc\u00e9der \u00e0 un achat aupr\u00e8s de R&amp;F Solutions d\u00e9nomm\u00e9e ci-apr\u00e8s \u00a0\u00bb l&rsquo;acheteur \u00ab\u00a0.<\/p>\n<!-- \/wp:paragraph -->\n\n<!-- wp:heading -->\n<h2>Objet<\/h2>\n<!-- \/wp:heading -->\n\n<!-- wp:paragraph -->\n<p>Les pr\u00e9sentes conditions de vente visent \u00e0 d\u00e9finir les relations contractuelles entre R&amp;F Solutions, et l&rsquo;acheteur et les conditions applicables \u00e0 tout achat effectu\u00e9 par le biais de R&amp;F Solutions, que l&rsquo;acheteur soit professionnel ou consommateur. L&rsquo;acquisition d&rsquo;un bien ou d&rsquo;un service \u00e0 travers R&amp;F Solutions implique une acceptation sans r\u00e9serve par l&rsquo;acheteur des pr\u00e9sentes conditions de vente. Ces conditions de vente pr\u00e9vaudront sur toutes autres conditions g\u00e9n\u00e9rales ou particuli\u00e8res non express\u00e9ment agr\u00e9\u00e9es par R&amp;F Solutions. R&amp;F Solutions se r\u00e9serve de pouvoir modifier ses conditions de vente \u00e0 tout moment. Dans ce cas, les conditions applicables seront celles en vigueur \u00e0 la date de la commande par l&rsquo;acheteur.<\/p>\n\n\n<!-- wp:heading -->\n<h2>Caract\u00e9ristiques des biens et services propos\u00e9s<\/h2>\n<!-- \/wp:heading -->\n\n<!-- wp:paragraph -->\n<p>Les produits et services offerts sont ceux qui figurent au catalogue sur rf-solutions.fr. Ces produits et services sont offerts dans la limite des stocks disponibles. Chaque produit est accompagn\u00e9 d&rsquo;un descriptif \u00e9tabli par le fournisseur ; pour certains d&rsquo;entre eux, l&rsquo;acheteur peut avoir acc\u00e8s \u00e0 la documentation du fournisseur en t\u00e9l\u00e9chargement. Les photographies du catalogue sont les plus fid\u00e8les possibles mais ne peuvent assurer une similitude parfaite avec le produit offert, notamment en ce qui concerne les couleurs.<\/p>\n<!-- \/wp:paragraph -->\n\n<!-- wp:heading -->\n<h2>Tarifs<\/h2>\n<!-- \/wp:heading -->\n\n<!-- wp:paragraph -->\n<p>Les prix figurant dan le catalogue sont des prix TTC ou H.T en euro soumis \u00e0 la TVA applicable au jour de la commande; tout changement du taux pourra \u00eatre r\u00e9percut\u00e9 sur le prix des produits ou des services. R&#038;F Solutions se r\u00e9serve de modifier ses prix \u00e0 tout moment, \u00e9tant toutefois entendu que le prix figurant au catalogue le jour de la commande sera le seul applicable \u00e0 l&rsquo;acheteur. Les prix indiqu\u00e9s comprennent les frais de traitement de commandes, de transport et de livraison pour autant qu&rsquo;elles aient lieu dans les zones g\u00e9ographiques pr\u00e9vues ci-apr\u00e8s.<\/p>\n<!-- \/wp:paragraph -->\n\n\n<!-- wp:heading -->\n<h2>Zone g\u00e9ographique<\/h2>\n<!-- \/wp:heading -->\n\n<!-- wp:paragraph -->\n<p>La vente des produits et services pr\u00e9sent\u00e9s dans le site est r\u00e9serv\u00e9e aux acheteurs qui r\u00e9sident en France M\u00e9tropolitaine, Monaco, hors Corse et pour des livraisons requises dans ces zones g\u00e9ographiques.<\/p>\n<!-- \/wp:paragraph -->\n\n<!-- wp:heading -->\n<h2>Commandes<\/h2>\n<!-- \/wp:heading -->\n\n<!-- wp:paragraph -->\n<p>L&rsquo;acheteur, qui souhaite acheter un produit ou un service doit obligatoirement :<\/p>\n<ul>\n<li>Remplir la fiche d&rsquo;identification sur laquelle il indiquera toutes les coordonn\u00e9es demand\u00e9es ou donner son num\u00e9ro de client s&rsquo;il en a un<\/li>\n<li>Remplir le bon de commande en donnant toutes les r\u00e9f\u00e9rences des produits ou services choisis<\/li>\n<li>Valider sa commande apr\u00e8s l&rsquo;avoir v\u00e9rifi\u00e9e<\/li>\n<li>Effectuer le paiement dans les conditions pr\u00e9vues<\/li>\n<li>Confirmer sa commande et son r\u00e8glement.<\/li>\n<\/ul>\n<p>La confirmation de la commande entra\u00eene acceptation des pr\u00e9sentes conditions de vente, la reconnaissance d&rsquo;en avoir parfaite connaissance et la renonciation \u00e0 se pr\u00e9valoir de ses propres conditions d&rsquo;achat ou d&rsquo;autres conditions.<\/p>\n<p>L&rsquo;ensemble des donn\u00e9es fournies et la confirmation enregistr\u00e9e vaudront preuve de la transaction. La confirmation vaudra signature et acceptation des op\u00e9rations effectu\u00e9es.<\/p>\n<p>Le vendeur communiquera par courrier \u00e9lectronique confirmation de la commande enregistr\u00e9e.<\/p>\n<!-- \/wp:paragraph -->\n\n<!-- wp:heading -->\n<h2>R\u00e9tractation<\/h2>\n<!-- \/wp:heading -->\n\n<!-- wp:paragraph -->\n<p>Les acheteurs, personnes physiques non professionnelles, b\u00e9n\u00e9ficient d&rsquo;un d\u00e9lai de r\u00e9tractation de quatorze jours \u00e0 compter de la signature de leur commande. Aucune commande ne pourra \u00eatre annul\u00e9e des lors que le produit est livr\u00e9.<\/p>\n<!-- \/wp:paragraph -->\n\n<!-- wp:paragraph -->\n<p>Les demandes de r\u00e9tractation sont \u00e0 adress\u00e9e par \u00e9crit, au si\u00e8ge social de R&#038;F Solutions au 15 Avenue Christian Doppler, Espace 7, 77700 Bailly-Romainvilliers.<\/p>\n<!-- \/wp:paragraph -->\n\n<!-- wp:heading -->\n<h2>Modalit\u00e9s de paiement<\/h2>\n<!-- \/wp:heading -->\n\n<!-- wp:paragraph -->\n<p>Les achats des produits peuvent \u00eatre effectu\u00e9s par paiement CB s\u00e9curis\u00e9 (3D Secure) ou par Cr\u00e9dit Bail, except\u00e9 pour les accessoires qui ne peuvent \u00eatre r\u00e9gl\u00e9 que par CB.<\/p>\n<p>Pour les paiements CB, le compte de l\u2019acheteur est d\u00e9bit\u00e9 d\u00e8s la commande.<\/p>\n<p>Le paiement par Cr\u00e9dit-Bail, un contrat de credit-bail doit \u00eatre \u00e9tablie entre l\u2019acheteur et le vendeur. Aucun frais n\u2019est d\u00e9bit\u00e9 lors de la commande. R&#038;F Solutions recontacte l\u2019acheteur au coordonn\u00e9es qu\u2019il a indiqu\u00e9 dans le bon de commande afin d\u2019\u00e9laborer le dossier de contractualisation.<\/p>\n<!-- \/wp:paragraph -->\n\n<!-- wp:heading -->\n<h2>Cr\u00e9dit-Bail | Location Vente<\/h2>\n<!-- \/wp:heading -->\n\n<!-- wp:paragraph -->\n<p>Le cr\u00e9dit-bail est un moyen de paiement particulier, n\u00e9cessitant le montage d\u2019un dossier d\u2019acceptation sur la base de pi\u00e8ces justificatives de l\u2019acheteur. Pour en savoir plus sur le moyen de passer commande en location, l\u2019acheteur peut se r\u00e9f\u00e9rer \u00e0 la note explicative disponible \u00e0 l\u2019adresse suivante\u00a0: https:\/\/rfsolutions.fr\/index.php\/solutions-de-paiement\/#location\u00a0<\/p>\n<!-- \/wp:paragraph -->\n\n<!-- wp:heading -->\n<h2>Livraisons<\/h2>\n<!-- \/wp:heading -->\n\n<!-- wp:paragraph -->\n<p>Les livraisons sont faites \u00e0 l&rsquo;adresse indiqu\u00e9e dans le bon de commande qui ne peut \u00eatre que dans l\u2019une des zones g\u00e9ographiques d\u00e9finies pr\u00e9c\u00e9demment. R&#038;F Solutions s\u2019engage \u00e0 livrer un produit en \u00e9tat de fonctionnement. En cas de dommage pendant le transport, la protestation motiv\u00e9e doit \u00eatre formul\u00e9e aupr\u00e8s de R&#038;F Solutions dans un d\u00e9lai de trois jours \u00e0 compter de la livraison. Les d\u00e9lais de livraison ne sont donn\u00e9s qu&rsquo;\u00e0 titre indicatif; si ceux\u2010ci d\u00e9passent trente jours \u00e0 compter de la commande, le contrat de vente pourra \u00eatre r\u00e9sili\u00e9 et l&rsquo;acheteur rembours\u00e9.<\/p>\n<!-- \/wp:paragraph -->\n\n\n<!-- wp:heading -->\n<h2>Garantie<\/h2>\n<!-- \/wp:heading -->\n\n<!-- wp:paragraph -->\n<p>Tous les produits fournis par le vendeur b\u00e9n\u00e9ficient de la garantie l\u00e9gale pr\u00e9vue par les articles 1641 et suivants du Code civil. En cas de non conformit\u00e9 d&rsquo;un produit vendu, il pourra \u00eatre retourn\u00e9 au vendeur qui le reprendra, l&rsquo;\u00e9changera ou le remboursera.<\/p>\n<p>Toutes les r\u00e9clamations, demandes d&rsquo;\u00e9change ou de remboursement doivent s&rsquo;effectuer par voie postale \u00e0 l&rsquo;adresse suivante : 15 Avenue Christian Doppler, Espace 7 77700 Bailly-Romainvilliers dans le d\u00e9lai de trente jours de la livraison.<\/p>\n<!-- \/wp:paragraph -->\n\n<!-- wp:heading -->\n<h2>Responsabilit\u00e9<\/h2>\n<!-- \/wp:heading -->\n\n<!-- wp:paragraph -->\n<p>Le vendeur, dans le processus de vente, n&rsquo;est tenu que par une obligation de moyens; sa responsabilit\u00e9 ne pourra \u00eatre engag\u00e9e pour un dommage r\u00e9sultant de l&rsquo;utilisation du r\u00e9seau Internet tel que perte de donn\u00e9es, intrusion, virus, rupture du service, ou autres probl\u00e8mes involontaires.<\/p>\n<!-- \/wp:paragraph -->\n\n<!-- wp:heading -->\n<h2>R\u00e8glement des litiges<\/h2>\n<!-- \/wp:heading -->\n\n<!-- wp:paragraph -->\n<p>Les pr\u00e9sentes conditions de vente sont soumises \u00e0 la loi fran\u00e7aise. En cas de litige, comp\u00e9tence est attribu\u00e9e aux tribunaux comp\u00e9tents de Meaux, nonobstant pluralit\u00e9 de d\u00e9fendeurs ou appel en garantie.<\/p>\n<!-- \/wp:paragraph -->\n\n\t\t\t\t\t\t<\/div>\n\t\t\t\t<\/div>\n\t\t\t\t\t<\/div>\n\t\t<\/div>\n\t\t\t\t\t<\/div>\n\t\t<\/section>\n\t\t\t\t<\/div>\n\t\t","protected":false},"excerpt":{"rendered":"<p>Conditions g\u00e9n\u00e9rales de vente Les pr\u00e9sentes conditions de vente sont conclues d&rsquo;une part par la soci\u00e9t\u00e9 R&amp;F Solutions, au capital de 10 000\u20ac dont le si\u00e8ge social est \u00e0 Bailly-Romainvilliers au 15 Avenue Christian Doppler, Espace 7, immatricul\u00e9e au registre du commerce et des soci\u00e9t\u00e9s de Meaux sous le num\u00e9ro 791928781 ci-apr\u00e8s d\u00e9nomm\u00e9e R&amp;F Solutions [&hellip;]<\/p>\n","protected":false},"author":1,"featured_media":0,"parent":0,"menu_order":0,"comment_status":"closed","ping_status":"open","template":"","meta":{"footnotes":""},"blocksy_meta":{"styles_descriptor":{"styles":{"desktop":"","tablet":"","mobile":""},"google_fonts":[],"version":6}},"acf":[],"_links":{"self":[{"href":"https:\/\/rfsolutions.fr\/index.php\/wp-json\/wp\/v2\/pages\/1494"}],"collection":[{"href":"https:\/\/rfsolutions.fr\/index.php\/wp-json\/wp\/v2\/pages"}],"about":[{"href":"https:\/\/rfsolutions.fr\/index.php\/wp-json\/wp\/v2\/types\/page"}],"author":[{"embeddable":true,"href":"https:\/\/rfsolutions.fr\/index.php\/wp-json\/wp\/v2\/users\/1"}],"replies":[{"embeddable":true,"href":"https:\/\/rfsolutions.fr\/index.php\/wp-json\/wp\/v2\/comments?post=1494"}],"version-history":[{"count":43,"href":"https:\/\/rfsolutions.fr\/index.php\/wp-json\/wp\/v2\/pages\/1494\/revisions"}],"predecessor-version":[{"id":3970,"href":"https:\/\/rfsolutions.fr\/index.php\/wp-json\/wp\/v2\/pages\/1494\/revisions\/3970"}],"wp:attachment":[{"href":"https:\/\/rfsolutions.fr\/index.php\/wp-json\/wp\/v2\/media?parent=1494"}],"curies":[{"name":"wp","href":"https:\/\/api.w.org\/{rel}","templated":true}]}}